{"id":4,"date":"2014-03-01T17:36:32","date_gmt":"2014-03-01T15:36:32","guid":{"rendered":"http:\/\/gesichtundastrologie.de\/?page_id=4"},"modified":"2017-01-17T10:23:05","modified_gmt":"2017-01-17T08:23:05","slug":"beratung","status":"publish","type":"page","link":"https:\/\/astrologieundgesicht.de\/?page_id=4","title":{"rendered":"Beratung"},"content":{"rendered":"<p>Wenn Sie an einer Beratung interessiert sind, gibt es folgende M\u00f6glichkeiten:<\/p>\n<p>Am besten ist naturgem\u00e4\u00df die pers\u00f6nliche Beratung hier. Dazu sollten wir einen Termin vereinbaren, wenn Ihre Geburtsdaten und Fotos vorliegen.<\/p>\n<p>Dann gibt es die M\u00f6glichkeit einer telefonischen Beratung nach Absprache, dies eine andere\u00a0Variante.<\/p>\n<p>Bei gro\u00dfen Entfernungen ist auch eine schriftliche Beratung m\u00f6glich.<\/p>\n<p>Und die Kosten ?<br \/>\nGrundpreis incl. Vorarbeiten \u20ac 150,&#8211; bis \u20ac 200,&#8211; je Beratungsstunde\u00a0(je nach Umfang und Fragenkomplex)<\/p>\n<p>Zur Gesichtsdeutung sollten Sie 2 Fotos als jpeg hochladen (Max 5MB) &#8211; eins von vorne und eins von seitlich im Profil, m\u00f6glichst mit sichtbarem Ohr.\u00a0Zur Deutung des Geburtshoroskops sollten Sie Ihre Geburtsdaten Tag\/Monat\/Jahr mit Geburtsort und Geburtszeit\u00a0angeben.<\/p>\n\n<div class=\"wpcf7 no-js\" id=\"wpcf7-f6-o1\" lang=\"de-DE\" dir=\"ltr\" data-wpcf7-id=\"6\">\n<div class=\"screen-reader-response\"><p role=\"status\" aria-live=\"polite\" aria-atomic=\"true\"><\/p> <ul><\/ul><\/div>\n<form action=\"\/index.php?rest_route=%2Fwp%2Fv2%2Fpages%2F4#wpcf7-f6-o1\" method=\"post\" class=\"wpcf7-form init\" aria-label=\"Kontaktformular\" enctype=\"multipart\/form-data\" novalidate=\"novalidate\" data-status=\"init\">\n<fieldset class=\"hidden-fields-container\"><input type=\"hidden\" name=\"_wpcf7\" value=\"6\" \/><input type=\"hidden\" name=\"_wpcf7_version\" value=\"6.1.5\" \/><input type=\"hidden\" name=\"_wpcf7_locale\" value=\"de_DE\" \/><input type=\"hidden\" name=\"_wpcf7_unit_tag\" value=\"wpcf7-f6-o1\" \/><input type=\"hidden\" name=\"_wpcf7_container_post\" value=\"0\" \/><input type=\"hidden\" name=\"_wpcf7_posted_data_hash\" value=\"\" \/>\n<\/fieldset>\n<p>Ihr Name (Pflichtfeld)\n<\/p>\n<p><span class=\"wpcf7-form-control-wrap\" data-name=\"kunde-name\"><input size=\"40\" maxlength=\"400\" class=\"wpcf7-form-control wpcf7-text wpcf7-validates-as-required\" aria-required=\"true\" aria-invalid=\"false\" value=\"\" type=\"text\" name=\"kunde-name\" \/><\/span>\n<\/p>\n<p>Ihre E-Mail-Adresse (Pflichtfeld)\n<\/p>\n<p><span class=\"wpcf7-form-control-wrap\" data-name=\"kunde-email\"><input size=\"40\" maxlength=\"400\" class=\"wpcf7-form-control wpcf7-email wpcf7-validates-as-required wpcf7-text wpcf7-validates-as-email\" aria-required=\"true\" aria-invalid=\"false\" value=\"\" type=\"email\" name=\"kunde-email\" \/><\/span>\n<\/p>\n<p>Ihre Nachricht\n<\/p>\n<p><span class=\"wpcf7-form-control-wrap\" data-name=\"kunde-nachricht\"><textarea cols=\"40\" rows=\"10\" maxlength=\"2000\" class=\"wpcf7-form-control wpcf7-textarea\" aria-invalid=\"false\" name=\"kunde-nachricht\"><\/textarea><\/span>\n<\/p>\n<p>Ihr Geburtsdatum\n<\/p>\n<p><span class=\"wpcf7-form-control-wrap\" data-name=\"kunde-geburtsdatum\"><input class=\"wpcf7-form-control wpcf7-date wpcf7-validates-as-date\" aria-invalid=\"false\" value=\"\" type=\"date\" name=\"kunde-geburtsdatum\" \/><\/span>\n<\/p>\n<p>Ein Foto Ihres Gesichts von vorne\n<\/p>\n<p><span class=\"wpcf7-form-control-wrap\" data-name=\"kunde-gesicht-vorne\"><input size=\"40\" class=\"wpcf7-form-control wpcf7-file\" accept=\".png,.jpg,.gif,.jpeg\" aria-invalid=\"false\" type=\"file\" name=\"kunde-gesicht-vorne\" \/><\/span>\n<\/p>\n<p>Ein Foto Ihres Gesichts von der Seite\n<\/p>\n<p><span class=\"wpcf7-form-control-wrap\" data-name=\"kunde-gesicht-seite\"><input size=\"40\" class=\"wpcf7-form-control wpcf7-file\" accept=\".png,.jpg,.gif,.jpeg\" aria-invalid=\"false\" type=\"file\" name=\"kunde-gesicht-seite\" \/><\/span>\n<\/p>\n<p><span class=\"wpcf7-form-control-wrap\" data-name=\"zustimmung-datenschutz\"><span class=\"wpcf7-form-control wpcf7-acceptance\"><span class=\"wpcf7-list-item\"><input type=\"checkbox\" name=\"zustimmung-datenschutz\" value=\"1\" aria-invalid=\"false\" \/><\/span><\/span><\/span> Ich habe die <a href=\"http:\/\/astrologieundgesicht.de\/?page_id=21\">Datenschutzerkl\u00e4rung<\/a> gelesen und stimme ihr zu\n<\/p>\n<p><span id=\"wpcf7-69f8a220261c6-wrapper\" class=\"wpcf7-form-control-wrap honeypot-562-wrap\" style=\"display:none !important; visibility:hidden !important;\"><input type=\"hidden\" name=\"honeypot-562-time-start\" value=\"1777902112\"><input type=\"hidden\" name=\"honeypot-562-time-check\" value=\"4\"><label for=\"wpcf7-69f8a220261c6-field\" class=\"hp-message\">Bitte lasse dieses Feld leer.<\/label><input id=\"wpcf7-69f8a220261c6-field\"  class=\"wpcf7-form-control wpcf7-text\" type=\"text\" name=\"honeypot-562\" value=\"\" size=\"40\" tabindex=\"-1\" autocomplete=\"new-password\" \/><\/span>\n<\/p>\n<p><input class=\"wpcf7-form-control wpcf7-submit has-spinner\" type=\"submit\" value=\"Senden\" \/>\n<\/p><div class=\"wpcf7-response-output\" aria-hidden=\"true\"><\/div>\n<\/form>\n<\/div>\n\n","protected":false},"excerpt":{"rendered":"<p>Wenn Sie an einer Beratung interessiert sind, gibt es folgende M\u00f6glichkeiten: Am besten ist naturgem\u00e4\u00df die pers\u00f6nliche Beratung hier. Dazu sollten wir einen Termin vereinbaren, wenn Ihre Geburtsdaten und Fotos vorliegen. Dann gibt es die M\u00f6glichkeit einer telefonischen Beratung nach Absprache, dies eine andere\u00a0Variante. Bei gro\u00dfen Entfernungen ist auch eine schriftliche Beratung m\u00f6glich. Und die &hellip; <a href=\"https:\/\/astrologieundgesicht.de\/?page_id=4\" class=\"more-link\"><span class=\"screen-reader-text\">Beratung<\/span> weiterlesen <span class=\"meta-nav\">&rarr;<\/span><\/a><\/p>\n","protected":false},"author":1,"featured_media":0,"parent":0,"menu_order":1,"comment_status":"open","ping_status":"open","template":"","meta":{"footnotes":""},"class_list":["post-4","page","type-page","status-publish","hentry"],"_links":{"self":[{"href":"https:\/\/astrologieundgesicht.de\/index.php?rest_route=\/wp\/v2\/pages\/4","targetHints":{"allow":["GET"]}}],"collection":[{"href":"https:\/\/astrologieundgesicht.de\/index.php?rest_route=\/wp\/v2\/pages"}],"about":[{"href":"https:\/\/astrologieundgesicht.de\/index.php?rest_route=\/wp\/v2\/types\/page"}],"author":[{"embeddable":true,"href":"https:\/\/astrologieundgesicht.de\/index.php?rest_route=\/wp\/v2\/users\/1"}],"replies":[{"embeddable":true,"href":"https:\/\/astrologieundgesicht.de\/index.php?rest_route=%2Fwp%2Fv2%2Fcomments&post=4"}],"version-history":[{"count":7,"href":"https:\/\/astrologieundgesicht.de\/index.php?rest_route=\/wp\/v2\/pages\/4\/revisions"}],"predecessor-version":[{"id":44,"href":"https:\/\/astrologieundgesicht.de\/index.php?rest_route=\/wp\/v2\/pages\/4\/revisions\/44"}],"wp:attachment":[{"href":"https:\/\/astrologieundgesicht.de\/index.php?rest_route=%2Fwp%2Fv2%2Fmedia&parent=4"}],"curies":[{"name":"wp","href":"https:\/\/api.w.org\/{rel}","templated":true}]}}