{"id":55,"date":"2017-01-17T10:21:38","date_gmt":"2017-01-17T08:21:38","guid":{"rendered":"http:\/\/astrologieundgesicht.de\/?page_id=55"},"modified":"2021-07-06T15:29:48","modified_gmt":"2021-07-06T13:29:48","slug":"willkommen","status":"publish","type":"page","link":"https:\/\/astrologieundgesicht.de\/","title":{"rendered":"Willkommen"},"content":{"rendered":"<p>Was Sie hier nicht finden:<\/p>\n<p>Sie finden keinen Wahrsager oder Hellseher oder Geistheiler.<br \/>\nSie finden auch keinen &#8222;Guru&#8220;.<\/p>\n<p>Am ehesten finden Sie hier einen Mitmenschen, der Ihnen<br \/>\nauf Augenh\u00f6he begegnet und versuchen wird, Sie bei Ihren<br \/>\nFragestellungen zu begleiten und Alternativen zu erarbeiten.<\/p>\n<p>Gesicht und Astrologie ist die M\u00f6glichkeit, unsere Physiognomie, die ja auch etwas von unserem Inneren zeigt, zu verbinden mit unserem Geburtshoroskop, jener Er\u00f6ffnungsbilanz in dieses Leben, die es zu f\u00fcllen gilt &#8211; mit Leben und Freude eben &#8211; und nicht mit Angst, Schuldgef\u00fchlen und Sorgen !<\/p>\n<p>Um mit mir Verbindung aufzunehmen klicken Sie jetzt auf &#8222;Kontakt&#8220;<\/p>\n","protected":false},"excerpt":{"rendered":"<p>Was Sie hier nicht finden: Sie finden keinen Wahrsager oder Hellseher oder Geistheiler. Sie finden auch keinen &#8222;Guru&#8220;. Am ehesten finden Sie hier einen Mitmenschen, der Ihnen auf Augenh\u00f6he begegnet und versuchen wird, Sie bei Ihren Fragestellungen zu begleiten und Alternativen zu erarbeiten. Gesicht und Astrologie ist die M\u00f6glichkeit, unsere Physiognomie, die ja auch etwas &hellip; <a href=\"https:\/\/astrologieundgesicht.de\/\" class=\"more-link\"><span class=\"screen-reader-text\">Willkommen<\/span> weiterlesen <span class=\"meta-nav\">&rarr;<\/span><\/a><\/p>\n","protected":false},"author":1,"featured_media":0,"parent":0,"menu_order":0,"comment_status":"closed","ping_status":"closed","template":"","meta":{"footnotes":""},"class_list":["post-55","page","type-page","status-publish","hentry"],"_links":{"self":[{"href":"https:\/\/astrologieundgesicht.de\/index.php?rest_route=\/wp\/v2\/pages\/55","targetHints":{"allow":["GET"]}}],"collection":[{"href":"https:\/\/astrologieundgesicht.de\/index.php?rest_route=\/wp\/v2\/pages"}],"about":[{"href":"https:\/\/astrologieundgesicht.de\/index.php?rest_route=\/wp\/v2\/types\/page"}],"author":[{"embeddable":true,"href":"https:\/\/astrologieundgesicht.de\/index.php?rest_route=\/wp\/v2\/users\/1"}],"replies":[{"embeddable":true,"href":"https:\/\/astrologieundgesicht.de\/index.php?rest_route=%2Fwp%2Fv2%2Fcomments&post=55"}],"version-history":[{"count":2,"href":"https:\/\/astrologieundgesicht.de\/index.php?rest_route=\/wp\/v2\/pages\/55\/revisions"}],"predecessor-version":[{"id":122,"href":"https:\/\/astrologieundgesicht.de\/index.php?rest_route=\/wp\/v2\/pages\/55\/revisions\/122"}],"wp:attachment":[{"href":"https:\/\/astrologieundgesicht.de\/index.php?rest_route=%2Fwp%2Fv2%2Fmedia&parent=55"}],"curies":[{"name":"wp","href":"https:\/\/api.w.org\/{rel}","templated":true}]}}